{"id":48146,"date":"2024-12-23T10:39:38","date_gmt":"2024-12-23T09:39:38","guid":{"rendered":"https:\/\/movilex.es\/unique-projects\/"},"modified":"2026-02-22T10:30:21","modified_gmt":"2026-02-22T09:30:21","slug":"unique-projects","status":"publish","type":"page","link":"https:\/\/movilex.es\/en\/unique-projects\/","title":{"rendered":"Unique Projects"},"content":{"rendered":"\t\t<div data-elementor-type=\"wp-page\" data-elementor-id=\"48146\" class=\"elementor elementor-48146 elementor-19129\">\n\t\t\t\t\t\t<section class=\"elementor-section elementor-top-section elementor-element elementor-element-a1f4409 elementor-section-boxed elementor-section-height-default elementor-section-height-default sc_fly_static\" data-id=\"a1f4409\" data-element_type=\"section\" data-e-type=\"section\">\n\t\t\t\t\t\t<div class=\"elementor-container elementor-column-gap-extended\">\n\t\t\t\t\t<div class=\"elementor-column elementor-col-100 elementor-top-column elementor-element elementor-element-5c64a46 sc_content_align_inherit sc_layouts_column_icons_position_left sc_fly_static\" data-id=\"5c64a46\" data-element_type=\"column\" data-e-type=\"column\">\n\t\t\t<div class=\"elementor-widget-wrap elementor-element-populated\">\n\t\t\t\t\t\t<div class=\"elementor-element elementor-element-ef86daf sc_height_huge sc_fly_static elementor-widget elementor-widget-spacer\" data-id=\"ef86daf\" data-element_type=\"widget\" data-e-type=\"widget\" data-widget_type=\"spacer.default\">\n\t\t\t\t<div class=\"elementor-widget-container\">\n\t\t\t\t\t\t\t<div class=\"elementor-spacer\">\n\t\t\t<div class=\"elementor-spacer-inner\"><\/div>\n\t\t<\/div>\n\t\t\t\t\t\t<\/div>\n\t\t\t\t<\/div>\n\t\t\t\t<div class=\"elementor-element elementor-element-263f422 sc_style_toggle sc_fly_static elementor-widget elementor-widget-trx_sc_blogger\" data-id=\"263f422\" data-element_type=\"widget\" data-e-type=\"widget\" data-widget_type=\"trx_sc_blogger.default\">\n\t\t\t\t<div class=\"elementor-widget-container\">\n\t\t\t\t\t<div \t\tclass=\"sc_blogger sc_blogger_portestate sc_blogger_portestate_default sc_item_filters_tabs_none alignnone\" ><div class=\"sc_blogger_columns_wrap sc_item_columns sc_item_posts_container trx_addons_columns_wrap columns_padding_bottom\" ><div class=\"trx_addons_column-1_3 trx_addons_column-1_2-tablet\"><div data-post-id=\"48436\" data-item-number=\"1\" class=\"sc_blogger_item sc_item_container post_container sc_blogger_item_portestate sc_blogger_item_portestate_default sc_blogger_item_odd sc_blogger_item_align_none post_format_standard sc_blogger_item_with_image sc_blogger_item_no_excerpt sc_blogger_item_image_position_top post-48436 proyectos type-proyectos status-publish hentry\" ><div class=\"sc_blogger_item_body\"><div class=\"sc_blogger_item_content entry-content\"><h5 class=\"sc_blogger_item_title entry-title\" data-item-number=\"1\"><a href=\"https:\/\/movilex.es\/en\/proyectos\/panama-canal\/\" rel=\"bookmark\">Panama Canal<\/a><\/h5><\/div><!-- .entry-content --><\/div><!-- .sc_blogger_item_body --><\/div><!-- .sc_blogger_item --><\/div><div class=\"trx_addons_column-1_3 trx_addons_column-1_2-tablet\"><div data-post-id=\"48435\" data-item-number=\"2\" class=\"sc_blogger_item sc_item_container post_container sc_blogger_item_portestate sc_blogger_item_portestate_default sc_blogger_item_even sc_blogger_item_align_none post_format_standard sc_blogger_item_with_image sc_blogger_item_no_excerpt sc_blogger_item_image_position_top post-48435 proyectos type-proyectos status-publish hentry\" ><div class=\"sc_blogger_item_body\"><div class=\"sc_blogger_item_content entry-content\"><h5 class=\"sc_blogger_item_title entry-title\" data-item-number=\"2\"><a href=\"https:\/\/movilex.es\/en\/proyectos\/south-atlantic-shipyards\/\" rel=\"bookmark\">South Atlantic Shipyards<\/a><\/h5><\/div><!-- .entry-content --><\/div><!-- .sc_blogger_item_body --><\/div><!-- .sc_blogger_item --><\/div><div class=\"trx_addons_column-1_3 trx_addons_column-1_2-tablet\"><div data-post-id=\"48434\" data-item-number=\"3\" class=\"sc_blogger_item sc_item_container post_container sc_blogger_item_portestate sc_blogger_item_portestate_default sc_blogger_item_odd sc_blogger_item_align_none post_format_standard sc_blogger_item_with_image sc_blogger_item_no_excerpt sc_blogger_item_image_position_top post-48434 proyectos type-proyectos status-publish hentry\" ><div class=\"sc_blogger_item_body\"><div class=\"sc_blogger_item_content entry-content\"><h5 class=\"sc_blogger_item_title entry-title\" data-item-number=\"3\"><a href=\"https:\/\/movilex.es\/en\/proyectos\/alpetrocol-dismantling\/\" rel=\"bookmark\">Alpetrocol Dismantling<\/a><\/h5><\/div><!-- .entry-content --><\/div><!-- .sc_blogger_item_body --><\/div><!-- .sc_blogger_item --><\/div><div class=\"trx_addons_column-1_3 trx_addons_column-1_2-tablet\"><div data-post-id=\"48433\" data-item-number=\"4\" class=\"sc_blogger_item sc_item_container post_container sc_blogger_item_portestate sc_blogger_item_portestate_default sc_blogger_item_even sc_blogger_item_align_none post_format_standard sc_blogger_item_with_image sc_blogger_item_no_excerpt sc_blogger_item_image_position_top post-48433 proyectos type-proyectos status-publish hentry\" ><div class=\"sc_blogger_item_body\"><div class=\"sc_blogger_item_content entry-content\"><h5 class=\"sc_blogger_item_title entry-title\" data-item-number=\"4\"><a href=\"https:\/\/movilex.es\/en\/proyectos\/national-ports-administration\/\" rel=\"bookmark\">National Ports Administration<\/a><\/h5><\/div><!-- .entry-content --><\/div><!-- .sc_blogger_item_body --><\/div><!-- .sc_blogger_item --><\/div><div class=\"trx_addons_column-1_3 trx_addons_column-1_2-tablet\"><div data-post-id=\"48432\" data-item-number=\"5\" class=\"sc_blogger_item sc_item_container post_container sc_blogger_item_portestate sc_blogger_item_portestate_default sc_blogger_item_odd sc_blogger_item_align_none post_format_standard sc_blogger_item_with_image sc_blogger_item_no_excerpt sc_blogger_item_image_position_top post-48432 proyectos type-proyectos status-publish hentry\" ><div class=\"sc_blogger_item_body\"><div class=\"sc_blogger_item_content entry-content\"><h5 class=\"sc_blogger_item_title entry-title\" data-item-number=\"5\"><a href=\"https:\/\/movilex.es\/en\/proyectos\/ecovix\/\" rel=\"bookmark\">ECOVIX<\/a><\/h5><\/div><!-- .entry-content --><\/div><!-- .sc_blogger_item_body --><\/div><!-- .sc_blogger_item --><\/div><div class=\"trx_addons_column-1_3 trx_addons_column-1_2-tablet\"><div data-post-id=\"48431\" data-item-number=\"6\" class=\"sc_blogger_item sc_item_container post_container sc_blogger_item_portestate sc_blogger_item_portestate_default sc_blogger_item_even sc_blogger_item_align_none post_format_standard sc_blogger_item_with_image sc_blogger_item_no_excerpt sc_blogger_item_image_position_top post-48431 proyectos type-proyectos status-publish hentry\" ><div class=\"sc_blogger_item_body\"><div class=\"sc_blogger_item_content entry-content\"><h5 class=\"sc_blogger_item_title entry-title\" data-item-number=\"6\"><a href=\"https:\/\/movilex.es\/en\/proyectos\/ancap\/\" rel=\"bookmark\">ANCAP<\/a><\/h5><\/div><!-- .entry-content --><\/div><!-- .sc_blogger_item_body --><\/div><!-- .sc_blogger_item --><\/div><div class=\"trx_addons_column-1_3 trx_addons_column-1_2-tablet\"><div data-post-id=\"48430\" data-item-number=\"7\" class=\"sc_blogger_item sc_item_container post_container sc_blogger_item_portestate sc_blogger_item_portestate_default sc_blogger_item_odd sc_blogger_item_align_none post_format_standard sc_blogger_item_with_image sc_blogger_item_no_excerpt sc_blogger_item_image_position_top post-48430 proyectos type-proyectos status-publish hentry\" ><div class=\"sc_blogger_item_body\"><div class=\"sc_blogger_item_content entry-content\"><h5 class=\"sc_blogger_item_title entry-title\" data-item-number=\"7\"><a href=\"https:\/\/movilex.es\/en\/proyectos\/cartagena-de-indias-plant\/\" rel=\"bookmark\">Cartagena de Indias Plant<\/a><\/h5><\/div><!-- .entry-content --><\/div><!-- .sc_blogger_item_body --><\/div><!-- .sc_blogger_item --><\/div><div class=\"trx_addons_column-1_3 trx_addons_column-1_2-tablet\"><div data-post-id=\"48429\" data-item-number=\"8\" class=\"sc_blogger_item sc_item_container post_container sc_blogger_item_portestate sc_blogger_item_portestate_default sc_blogger_item_even sc_blogger_item_align_none post_format_standard sc_blogger_item_with_image sc_blogger_item_no_excerpt sc_blogger_item_image_position_top post-48429 proyectos type-proyectos status-publish hentry\" ><div class=\"sc_blogger_item_body\"><div class=\"sc_blogger_item_content entry-content\"><h5 class=\"sc_blogger_item_title entry-title\" data-item-number=\"8\"><a href=\"https:\/\/movilex.es\/en\/proyectos\/ship-dismantling\/\" rel=\"bookmark\">Ship Dismantling<\/a><\/h5><\/div><!-- .entry-content --><\/div><!-- .sc_blogger_item_body --><\/div><!-- .sc_blogger_item --><\/div><div class=\"trx_addons_column-1_3 trx_addons_column-1_2-tablet\"><div data-post-id=\"48428\" data-item-number=\"9\" class=\"sc_blogger_item sc_item_container post_container sc_blogger_item_portestate sc_blogger_item_portestate_default sc_blogger_item_odd sc_blogger_item_align_none post_format_standard sc_blogger_item_with_image sc_blogger_item_no_excerpt sc_blogger_item_image_position_top post-48428 proyectos type-proyectos status-publish hentry\" ><div class=\"sc_blogger_item_body\"><div class=\"sc_blogger_item_content entry-content\"><h5 class=\"sc_blogger_item_title entry-title\" data-item-number=\"9\"><a href=\"https:\/\/movilex.es\/en\/proyectos\/thermal-power-plant-decommissioning\/\" rel=\"bookmark\">Thermal power plant decommissioning<\/a><\/h5><\/div><!-- .entry-content --><\/div><!-- .sc_blogger_item_body --><\/div><!-- .sc_blogger_item --><\/div><div class=\"trx_addons_column-1_3 trx_addons_column-1_2-tablet\"><div data-post-id=\"48427\" data-item-number=\"10\" class=\"sc_blogger_item sc_item_container post_container sc_blogger_item_portestate sc_blogger_item_portestate_default sc_blogger_item_even sc_blogger_item_align_none post_format_standard sc_blogger_item_with_image sc_blogger_item_no_excerpt sc_blogger_item_image_position_top post-48427 proyectos type-proyectos status-publish hentry\" ><div class=\"sc_blogger_item_body\"><div class=\"sc_blogger_item_content entry-content\"><h5 class=\"sc_blogger_item_title entry-title\" data-item-number=\"10\"><a href=\"https:\/\/movilex.es\/en\/proyectos\/integrated-waste-management\/\" rel=\"bookmark\">Integrated Waste Management<\/a><\/h5><\/div><!-- .entry-content --><\/div><!-- .sc_blogger_item_body --><\/div><!-- .sc_blogger_item --><\/div><div class=\"trx_addons_column-1_3 trx_addons_column-1_2-tablet\"><div data-post-id=\"48426\" data-item-number=\"11\" class=\"sc_blogger_item sc_item_container post_container sc_blogger_item_portestate sc_blogger_item_portestate_default sc_blogger_item_odd sc_blogger_item_align_none post_format_standard sc_blogger_item_with_image sc_blogger_item_no_excerpt sc_blogger_item_image_position_top post-48426 proyectos type-proyectos status-publish hentry\" ><div class=\"sc_blogger_item_body\"><div class=\"sc_blogger_item_content entry-content\"><h5 class=\"sc_blogger_item_title entry-title\" data-item-number=\"11\"><a href=\"https:\/\/movilex.es\/en\/proyectos\/management-and-recovery-of-industrial-piping\/\" rel=\"bookmark\">Management and recovery of industrial piping<\/a><\/h5><\/div><!-- .entry-content --><\/div><!-- .sc_blogger_item_body --><\/div><!-- .sc_blogger_item --><\/div><div class=\"trx_addons_column-1_3 trx_addons_column-1_2-tablet\"><div data-post-id=\"48425\" data-item-number=\"12\" class=\"sc_blogger_item sc_item_container post_container sc_blogger_item_portestate sc_blogger_item_portestate_default sc_blogger_item_even sc_blogger_item_align_none post_format_standard sc_blogger_item_with_image sc_blogger_item_no_excerpt sc_blogger_item_image_position_top post-48425 proyectos type-proyectos status-publish hentry\" ><div class=\"sc_blogger_item_body\"><div class=\"sc_blogger_item_content entry-content\"><h5 class=\"sc_blogger_item_title entry-title\" data-item-number=\"12\"><a href=\"https:\/\/movilex.es\/en\/proyectos\/panama-city-plant\/\" rel=\"bookmark\">Panama City Plant<\/a><\/h5><\/div><!-- .entry-content --><\/div><!-- .sc_blogger_item_body --><\/div><!-- .sc_blogger_item --><\/div><div class=\"trx_addons_column-1_3 trx_addons_column-1_2-tablet\"><div data-post-id=\"48423\" data-item-number=\"13\" class=\"sc_blogger_item sc_item_container post_container sc_blogger_item_portestate sc_blogger_item_portestate_default sc_blogger_item_odd sc_blogger_item_align_none post_format_standard sc_blogger_item_with_image sc_blogger_item_no_excerpt sc_blogger_item_image_position_top post-48423 proyectos type-proyectos status-publish hentry\" ><div class=\"sc_blogger_item_body\"><div class=\"sc_blogger_item_content entry-content\"><h5 class=\"sc_blogger_item_title entry-title\" data-item-number=\"13\"><a href=\"https:\/\/movilex.es\/en\/proyectos\/dismantling-of-the-bsh-priming-line\/\" rel=\"bookmark\">Dismantling of the BSH priming line<\/a><\/h5><\/div><!-- .entry-content --><\/div><!-- .sc_blogger_item_body --><\/div><!-- .sc_blogger_item --><\/div><div class=\"trx_addons_column-1_3 trx_addons_column-1_2-tablet\"><div data-post-id=\"48421\" data-item-number=\"14\" class=\"sc_blogger_item sc_item_container post_container sc_blogger_item_portestate sc_blogger_item_portestate_default sc_blogger_item_even sc_blogger_item_align_none post_format_standard sc_blogger_item_with_image sc_blogger_item_no_excerpt sc_blogger_item_image_position_top post-48421 proyectos type-proyectos status-publish hentry\" ><div class=\"sc_blogger_item_body\"><div class=\"sc_blogger_item_content entry-content\"><h5 class=\"sc_blogger_item_title entry-title\" data-item-number=\"14\"><a href=\"https:\/\/movilex.es\/en\/proyectos\/dismantling-of-vegenat-freeze-dried-production-line\/\" rel=\"bookmark\">Dismantling of VEGENAT freeze-dried production line<\/a><\/h5><\/div><!-- .entry-content --><\/div><!-- .sc_blogger_item_body --><\/div><!-- .sc_blogger_item --><\/div><div class=\"trx_addons_column-1_3 trx_addons_column-1_2-tablet\"><div data-post-id=\"48419\" data-item-number=\"15\" class=\"sc_blogger_item sc_item_container post_container sc_blogger_item_portestate sc_blogger_item_portestate_default sc_blogger_item_odd sc_blogger_item_align_none post_format_standard sc_blogger_item_with_image sc_blogger_item_no_excerpt sc_blogger_item_image_position_top post-48419 proyectos type-proyectos status-publish hentry\" ><div class=\"sc_blogger_item_body\"><div class=\"sc_blogger_item_content entry-content\"><h5 class=\"sc_blogger_item_title entry-title\" data-item-number=\"15\"><a href=\"https:\/\/movilex.es\/en\/proyectos\/cable-waste-recovery\/\" rel=\"bookmark\">Cable waste recovery<\/a><\/h5><\/div><!-- .entry-content --><\/div><!-- .sc_blogger_item_body --><\/div><!-- .sc_blogger_item --><\/div><\/div><\/div>\t\t\t\t<\/div>\n\t\t\t\t<\/div>\n\t\t\t\t<div class=\"elementor-element elementor-element-0f72a6a sc_height_huge sc_fly_static elementor-widget elementor-widget-spacer\" data-id=\"0f72a6a\" data-element_type=\"widget\" data-e-type=\"widget\" data-widget_type=\"spacer.default\">\n\t\t\t\t<div class=\"elementor-widget-container\">\n\t\t\t\t\t\t\t<div class=\"elementor-spacer\">\n\t\t\t<div class=\"elementor-spacer-inner\"><\/div>\n\t\t<\/div>\n\t\t\t\t\t\t<\/div>\n\t\t\t\t<\/div>\n\t\t\t\t\t<\/div>\n\t\t<\/div>\n\t\t\t\t\t<\/div>\n\t\t<\/section>\n\t\t\t\t<\/div>\n\t\t","protected":false},"excerpt":{"rendered":"<p>Canal de Panam\u00e1 Astilleros Atl\u00e1ntico Sur Desmantelamiento Alpetrocol Adm\u00f3n. Nacional de Puertos ECOVIX ANCAP Planta Cartagena de Indias Desguace de buques Desmantelamiento central t\u00e9rmica Gesti\u00f3n integral de residuos Gesti\u00f3n y&hellip;<\/p>\n","protected":false},"author":1,"featured_media":0,"parent":0,"menu_order":0,"comment_status":"closed","ping_status":"closed","template":"","meta":{"footnotes":""},"class_list":["post-48146","page","type-page","status-publish","hentry"],"_links":{"self":[{"href":"https:\/\/movilex.es\/en\/wp-json\/wp\/v2\/pages\/48146","targetHints":{"allow":["GET"]}}],"collection":[{"href":"https:\/\/movilex.es\/en\/wp-json\/wp\/v2\/pages"}],"about":[{"href":"https:\/\/movilex.es\/en\/wp-json\/wp\/v2\/types\/page"}],"author":[{"embeddable":true,"href":"https:\/\/movilex.es\/en\/wp-json\/wp\/v2\/users\/1"}],"replies":[{"embeddable":true,"href":"https:\/\/movilex.es\/en\/wp-json\/wp\/v2\/comments?post=48146"}],"version-history":[{"count":1,"href":"https:\/\/movilex.es\/en\/wp-json\/wp\/v2\/pages\/48146\/revisions"}],"predecessor-version":[{"id":48147,"href":"https:\/\/movilex.es\/en\/wp-json\/wp\/v2\/pages\/48146\/revisions\/48147"}],"wp:attachment":[{"href":"https:\/\/movilex.es\/en\/wp-json\/wp\/v2\/media?parent=48146"}],"curies":[{"name":"wp","href":"https:\/\/api.w.org\/{rel}","templated":true}]}}