{"id":48160,"date":"2024-12-23T10:39:38","date_gmt":"2024-12-23T09:39:38","guid":{"rendered":"https:\/\/movilex.es\/projetos-singulares\/"},"modified":"2026-02-22T10:31:00","modified_gmt":"2026-02-22T09:31:00","slug":"projetos-singulares","status":"publish","type":"page","link":"https:\/\/movilex.es\/pt-pt\/projetos-singulares\/","title":{"rendered":"Projetos singulares"},"content":{"rendered":"\t\t<div data-elementor-type=\"wp-page\" data-elementor-id=\"48160\" class=\"elementor elementor-48160 elementor-19129\">\n\t\t\t\t\t\t<section class=\"elementor-section elementor-top-section elementor-element elementor-element-a1f4409 elementor-section-boxed elementor-section-height-default elementor-section-height-default sc_fly_static\" data-id=\"a1f4409\" data-element_type=\"section\" data-e-type=\"section\">\n\t\t\t\t\t\t<div class=\"elementor-container elementor-column-gap-extended\">\n\t\t\t\t\t<div class=\"elementor-column elementor-col-100 elementor-top-column elementor-element elementor-element-5c64a46 sc_content_align_inherit sc_layouts_column_icons_position_left sc_fly_static\" data-id=\"5c64a46\" data-element_type=\"column\" data-e-type=\"column\">\n\t\t\t<div class=\"elementor-widget-wrap elementor-element-populated\">\n\t\t\t\t\t\t<div class=\"elementor-element elementor-element-ef86daf sc_height_huge sc_fly_static elementor-widget elementor-widget-spacer\" data-id=\"ef86daf\" data-element_type=\"widget\" data-e-type=\"widget\" data-widget_type=\"spacer.default\">\n\t\t\t\t<div class=\"elementor-widget-container\">\n\t\t\t\t\t\t\t<div class=\"elementor-spacer\">\n\t\t\t<div class=\"elementor-spacer-inner\"><\/div>\n\t\t<\/div>\n\t\t\t\t\t\t<\/div>\n\t\t\t\t<\/div>\n\t\t\t\t<div class=\"elementor-element elementor-element-263f422 sc_style_toggle sc_fly_static elementor-widget elementor-widget-trx_sc_blogger\" data-id=\"263f422\" data-element_type=\"widget\" data-e-type=\"widget\" data-widget_type=\"trx_sc_blogger.default\">\n\t\t\t\t<div class=\"elementor-widget-container\">\n\t\t\t\t\t<div \t\tclass=\"sc_blogger sc_blogger_portestate sc_blogger_portestate_default sc_item_filters_tabs_none alignnone\" ><div class=\"sc_blogger_columns_wrap sc_item_columns sc_item_posts_container trx_addons_columns_wrap columns_padding_bottom\" ><div class=\"trx_addons_column-1_3 trx_addons_column-1_2-tablet\"><div data-post-id=\"48448\" data-item-number=\"1\" class=\"sc_blogger_item sc_item_container post_container sc_blogger_item_portestate sc_blogger_item_portestate_default sc_blogger_item_odd sc_blogger_item_align_none post_format_standard sc_blogger_item_with_image sc_blogger_item_no_excerpt sc_blogger_item_image_position_top post-48448 proyectos type-proyectos status-publish hentry\" ><div class=\"sc_blogger_item_body\"><div class=\"sc_blogger_item_content entry-content\"><h5 class=\"sc_blogger_item_title entry-title\" data-item-number=\"1\"><a href=\"https:\/\/movilex.es\/pt-pt\/proyectos\/canal-do-panama\/\" rel=\"bookmark\">Canal do Panam\u00e1<\/a><\/h5><\/div><!-- .entry-content --><\/div><!-- .sc_blogger_item_body --><\/div><!-- .sc_blogger_item --><\/div><div class=\"trx_addons_column-1_3 trx_addons_column-1_2-tablet\"><div data-post-id=\"48447\" data-item-number=\"2\" class=\"sc_blogger_item sc_item_container post_container sc_blogger_item_portestate sc_blogger_item_portestate_default sc_blogger_item_even sc_blogger_item_align_none post_format_standard sc_blogger_item_with_image sc_blogger_item_no_excerpt sc_blogger_item_image_position_top post-48447 proyectos type-proyectos status-publish hentry\" ><div class=\"sc_blogger_item_body\"><div class=\"sc_blogger_item_content entry-content\"><h5 class=\"sc_blogger_item_title entry-title\" data-item-number=\"2\"><a href=\"https:\/\/movilex.es\/pt-pt\/proyectos\/estaleiros-atlantico-sul\/\" rel=\"bookmark\">Estaleiros Atl\u00e2ntico Sul<\/a><\/h5><\/div><!-- .entry-content --><\/div><!-- .sc_blogger_item_body --><\/div><!-- .sc_blogger_item --><\/div><div class=\"trx_addons_column-1_3 trx_addons_column-1_2-tablet\"><div data-post-id=\"48446\" data-item-number=\"3\" class=\"sc_blogger_item sc_item_container post_container sc_blogger_item_portestate sc_blogger_item_portestate_default sc_blogger_item_odd sc_blogger_item_align_none post_format_standard sc_blogger_item_with_image sc_blogger_item_no_excerpt sc_blogger_item_image_position_top post-48446 proyectos type-proyectos status-publish hentry\" ><div class=\"sc_blogger_item_body\"><div class=\"sc_blogger_item_content entry-content\"><h5 class=\"sc_blogger_item_title entry-title\" data-item-number=\"3\"><a href=\"https:\/\/movilex.es\/pt-pt\/proyectos\/desmantelamento-alpetrocol\/\" rel=\"bookmark\">Desmantelamento Alpetrocol<\/a><\/h5><\/div><!-- .entry-content --><\/div><!-- .sc_blogger_item_body --><\/div><!-- .sc_blogger_item --><\/div><div class=\"trx_addons_column-1_3 trx_addons_column-1_2-tablet\"><div data-post-id=\"48445\" data-item-number=\"4\" class=\"sc_blogger_item sc_item_container post_container sc_blogger_item_portestate sc_blogger_item_portestate_default sc_blogger_item_even sc_blogger_item_align_none post_format_standard sc_blogger_item_with_image sc_blogger_item_no_excerpt sc_blogger_item_image_position_top post-48445 proyectos type-proyectos status-publish hentry\" ><div class=\"sc_blogger_item_body\"><div class=\"sc_blogger_item_content entry-content\"><h5 class=\"sc_blogger_item_title entry-title\" data-item-number=\"4\"><a href=\"https:\/\/movilex.es\/pt-pt\/proyectos\/admin-administracao-nacional-de-portos\/\" rel=\"bookmark\">Admin. Administra\u00e7\u00e3o Nacional de Portos<\/a><\/h5><\/div><!-- .entry-content --><\/div><!-- .sc_blogger_item_body --><\/div><!-- .sc_blogger_item --><\/div><div class=\"trx_addons_column-1_3 trx_addons_column-1_2-tablet\"><div data-post-id=\"48444\" data-item-number=\"5\" class=\"sc_blogger_item sc_item_container post_container sc_blogger_item_portestate sc_blogger_item_portestate_default sc_blogger_item_odd sc_blogger_item_align_none post_format_standard sc_blogger_item_with_image sc_blogger_item_no_excerpt sc_blogger_item_image_position_top post-48444 proyectos type-proyectos status-publish hentry\" ><div class=\"sc_blogger_item_body\"><div class=\"sc_blogger_item_content entry-content\"><h5 class=\"sc_blogger_item_title entry-title\" data-item-number=\"5\"><a href=\"https:\/\/movilex.es\/pt-pt\/proyectos\/ecovix\/\" rel=\"bookmark\">ECOVIX<\/a><\/h5><\/div><!-- .entry-content --><\/div><!-- .sc_blogger_item_body --><\/div><!-- .sc_blogger_item --><\/div><div class=\"trx_addons_column-1_3 trx_addons_column-1_2-tablet\"><div data-post-id=\"48443\" data-item-number=\"6\" class=\"sc_blogger_item sc_item_container post_container sc_blogger_item_portestate sc_blogger_item_portestate_default sc_blogger_item_even sc_blogger_item_align_none post_format_standard sc_blogger_item_with_image sc_blogger_item_no_excerpt sc_blogger_item_image_position_top post-48443 proyectos type-proyectos status-publish hentry\" ><div class=\"sc_blogger_item_body\"><div class=\"sc_blogger_item_content entry-content\"><h5 class=\"sc_blogger_item_title entry-title\" data-item-number=\"6\"><a href=\"https:\/\/movilex.es\/pt-pt\/proyectos\/ancap\/\" rel=\"bookmark\">ANCAP<\/a><\/h5><\/div><!-- .entry-content --><\/div><!-- .sc_blogger_item_body --><\/div><!-- .sc_blogger_item --><\/div><div class=\"trx_addons_column-1_3 trx_addons_column-1_2-tablet\"><div data-post-id=\"48442\" data-item-number=\"7\" class=\"sc_blogger_item sc_item_container post_container sc_blogger_item_portestate sc_blogger_item_portestate_default sc_blogger_item_odd sc_blogger_item_align_none post_format_standard sc_blogger_item_with_image sc_blogger_item_no_excerpt sc_blogger_item_image_position_top post-48442 proyectos type-proyectos status-publish hentry\" ><div class=\"sc_blogger_item_body\"><div class=\"sc_blogger_item_content entry-content\"><h5 class=\"sc_blogger_item_title entry-title\" data-item-number=\"7\"><a href=\"https:\/\/movilex.es\/pt-pt\/proyectos\/planta-de-cartagena-das-indias\/\" rel=\"bookmark\">Planta de Cartagena das \u00cdndias<\/a><\/h5><\/div><!-- .entry-content --><\/div><!-- .sc_blogger_item_body --><\/div><!-- .sc_blogger_item --><\/div><div class=\"trx_addons_column-1_3 trx_addons_column-1_2-tablet\"><div data-post-id=\"48441\" data-item-number=\"8\" class=\"sc_blogger_item sc_item_container post_container sc_blogger_item_portestate sc_blogger_item_portestate_default sc_blogger_item_even sc_blogger_item_align_none post_format_standard sc_blogger_item_with_image sc_blogger_item_no_excerpt sc_blogger_item_image_position_top post-48441 proyectos type-proyectos status-publish hentry\" ><div class=\"sc_blogger_item_body\"><div class=\"sc_blogger_item_content entry-content\"><h5 class=\"sc_blogger_item_title entry-title\" data-item-number=\"8\"><a href=\"https:\/\/movilex.es\/pt-pt\/proyectos\/desmantelamento-de-navios\/\" rel=\"bookmark\">Desmantelamento de navios<\/a><\/h5><\/div><!-- .entry-content --><\/div><!-- .sc_blogger_item_body --><\/div><!-- .sc_blogger_item --><\/div><div class=\"trx_addons_column-1_3 trx_addons_column-1_2-tablet\"><div data-post-id=\"48440\" data-item-number=\"9\" class=\"sc_blogger_item sc_item_container post_container sc_blogger_item_portestate sc_blogger_item_portestate_default sc_blogger_item_odd sc_blogger_item_align_none post_format_standard sc_blogger_item_with_image sc_blogger_item_no_excerpt sc_blogger_item_image_position_top post-48440 proyectos type-proyectos status-publish hentry\" ><div class=\"sc_blogger_item_body\"><div class=\"sc_blogger_item_content entry-content\"><h5 class=\"sc_blogger_item_title entry-title\" data-item-number=\"9\"><a href=\"https:\/\/movilex.es\/pt-pt\/proyectos\/desmantelamento-de-central-termica\/\" rel=\"bookmark\">Desmantelamento de central t\u00e9rmica<\/a><\/h5><\/div><!-- .entry-content --><\/div><!-- .sc_blogger_item_body --><\/div><!-- .sc_blogger_item --><\/div><div class=\"trx_addons_column-1_3 trx_addons_column-1_2-tablet\"><div data-post-id=\"48439\" data-item-number=\"10\" class=\"sc_blogger_item sc_item_container post_container sc_blogger_item_portestate sc_blogger_item_portestate_default sc_blogger_item_even sc_blogger_item_align_none post_format_standard sc_blogger_item_with_image sc_blogger_item_no_excerpt sc_blogger_item_image_position_top post-48439 proyectos type-proyectos status-publish hentry\" ><div class=\"sc_blogger_item_body\"><div class=\"sc_blogger_item_content entry-content\"><h5 class=\"sc_blogger_item_title entry-title\" data-item-number=\"10\"><a href=\"https:\/\/movilex.es\/pt-pt\/proyectos\/gestao-integral-de-residuos\/\" rel=\"bookmark\">Gest\u00e3o integral de res\u00edduos<\/a><\/h5><\/div><!-- .entry-content --><\/div><!-- .sc_blogger_item_body --><\/div><!-- .sc_blogger_item --><\/div><div class=\"trx_addons_column-1_3 trx_addons_column-1_2-tablet\"><div data-post-id=\"48438\" data-item-number=\"11\" class=\"sc_blogger_item sc_item_container post_container sc_blogger_item_portestate sc_blogger_item_portestate_default sc_blogger_item_odd sc_blogger_item_align_none post_format_standard sc_blogger_item_with_image sc_blogger_item_no_excerpt sc_blogger_item_image_position_top post-48438 proyectos type-proyectos status-publish hentry\" ><div class=\"sc_blogger_item_body\"><div class=\"sc_blogger_item_content entry-content\"><h5 class=\"sc_blogger_item_title entry-title\" data-item-number=\"11\"><a href=\"https:\/\/movilex.es\/pt-pt\/proyectos\/gestion-y-valorizacion-de-tuberias-industriales\/\" rel=\"bookmark\">Gesti\u00f3n y valorizaci\u00f3n de tuberias industriales<\/a><\/h5><\/div><!-- .entry-content --><\/div><!-- .sc_blogger_item_body --><\/div><!-- .sc_blogger_item --><\/div><div class=\"trx_addons_column-1_3 trx_addons_column-1_2-tablet\"><div data-post-id=\"48437\" data-item-number=\"12\" class=\"sc_blogger_item sc_item_container post_container sc_blogger_item_portestate sc_blogger_item_portestate_default sc_blogger_item_even sc_blogger_item_align_none post_format_standard sc_blogger_item_with_image sc_blogger_item_no_excerpt sc_blogger_item_image_position_top post-48437 proyectos type-proyectos status-publish hentry\" ><div class=\"sc_blogger_item_body\"><div class=\"sc_blogger_item_content entry-content\"><h5 class=\"sc_blogger_item_title entry-title\" data-item-number=\"12\"><a href=\"https:\/\/movilex.es\/pt-pt\/proyectos\/planta-cidade-do-panama\/\" rel=\"bookmark\">Planta Cidade do Panam\u00e1<\/a><\/h5><\/div><!-- .entry-content --><\/div><!-- .sc_blogger_item_body --><\/div><!-- .sc_blogger_item --><\/div><div class=\"trx_addons_column-1_3 trx_addons_column-1_2-tablet\"><div data-post-id=\"48424\" data-item-number=\"13\" class=\"sc_blogger_item sc_item_container post_container sc_blogger_item_portestate sc_blogger_item_portestate_default sc_blogger_item_odd sc_blogger_item_align_none post_format_standard sc_blogger_item_with_image sc_blogger_item_no_excerpt sc_blogger_item_image_position_top post-48424 proyectos type-proyectos status-publish hentry\" ><div class=\"sc_blogger_item_body\"><div class=\"sc_blogger_item_content entry-content\"><h5 class=\"sc_blogger_item_title entry-title\" data-item-number=\"13\"><a href=\"https:\/\/movilex.es\/pt-pt\/proyectos\/desmantelamento-da-linha-de-primario-da-bsh\/\" rel=\"bookmark\">Desmantelamento da linha de prim\u00e1rio da BSH<\/a><\/h5><\/div><!-- .entry-content --><\/div><!-- .sc_blogger_item_body --><\/div><!-- .sc_blogger_item --><\/div><div class=\"trx_addons_column-1_3 trx_addons_column-1_2-tablet\"><div data-post-id=\"48422\" data-item-number=\"14\" class=\"sc_blogger_item sc_item_container post_container sc_blogger_item_portestate sc_blogger_item_portestate_default sc_blogger_item_even sc_blogger_item_align_none post_format_standard sc_blogger_item_with_image sc_blogger_item_no_excerpt sc_blogger_item_image_position_top post-48422 proyectos type-proyectos status-publish hentry\" ><div class=\"sc_blogger_item_body\"><div class=\"sc_blogger_item_content entry-content\"><h5 class=\"sc_blogger_item_title entry-title\" data-item-number=\"14\"><a href=\"https:\/\/movilex.es\/pt-pt\/proyectos\/desmantelamento-da-linha-de-liofilizados-vegenat\/\" rel=\"bookmark\">Desmantelamento da linha de liofilizados VEGENAT<\/a><\/h5><\/div><!-- .entry-content --><\/div><!-- .sc_blogger_item_body --><\/div><!-- .sc_blogger_item --><\/div><div class=\"trx_addons_column-1_3 trx_addons_column-1_2-tablet\"><div data-post-id=\"48420\" data-item-number=\"15\" class=\"sc_blogger_item sc_item_container post_container sc_blogger_item_portestate sc_blogger_item_portestate_default sc_blogger_item_odd sc_blogger_item_align_none post_format_standard sc_blogger_item_with_image sc_blogger_item_no_excerpt sc_blogger_item_image_position_top post-48420 proyectos type-proyectos status-publish hentry\" ><div class=\"sc_blogger_item_body\"><div class=\"sc_blogger_item_content entry-content\"><h5 class=\"sc_blogger_item_title entry-title\" data-item-number=\"15\"><a href=\"https:\/\/movilex.es\/pt-pt\/proyectos\/valorizacao-de-residuos-de-cabo\/\" rel=\"bookmark\">Valoriza\u00e7\u00e3o de res\u00edduos de cabo<\/a><\/h5><\/div><!-- .entry-content --><\/div><!-- .sc_blogger_item_body --><\/div><!-- .sc_blogger_item --><\/div><\/div><\/div>\t\t\t\t<\/div>\n\t\t\t\t<\/div>\n\t\t\t\t<div class=\"elementor-element elementor-element-0f72a6a sc_height_huge sc_fly_static elementor-widget elementor-widget-spacer\" data-id=\"0f72a6a\" data-element_type=\"widget\" data-e-type=\"widget\" data-widget_type=\"spacer.default\">\n\t\t\t\t<div class=\"elementor-widget-container\">\n\t\t\t\t\t\t\t<div class=\"elementor-spacer\">\n\t\t\t<div class=\"elementor-spacer-inner\"><\/div>\n\t\t<\/div>\n\t\t\t\t\t\t<\/div>\n\t\t\t\t<\/div>\n\t\t\t\t\t<\/div>\n\t\t<\/div>\n\t\t\t\t\t<\/div>\n\t\t<\/section>\n\t\t\t\t<\/div>\n\t\t","protected":false},"excerpt":{"rendered":"<p>Canal de Panam\u00e1 Astilleros Atl\u00e1ntico Sur Desmantelamiento Alpetrocol Adm\u00f3n. Nacional de Puertos ECOVIX ANCAP Planta Cartagena de Indias Desguace de buques Desmantelamiento central t\u00e9rmica Gesti\u00f3n integral de residuos Gesti\u00f3n y&hellip;<\/p>\n","protected":false},"author":1,"featured_media":0,"parent":0,"menu_order":0,"comment_status":"closed","ping_status":"closed","template":"","meta":{"footnotes":""},"class_list":["post-48160","page","type-page","status-publish","hentry"],"_links":{"self":[{"href":"https:\/\/movilex.es\/pt-pt\/wp-json\/wp\/v2\/pages\/48160","targetHints":{"allow":["GET"]}}],"collection":[{"href":"https:\/\/movilex.es\/pt-pt\/wp-json\/wp\/v2\/pages"}],"about":[{"href":"https:\/\/movilex.es\/pt-pt\/wp-json\/wp\/v2\/types\/page"}],"author":[{"embeddable":true,"href":"https:\/\/movilex.es\/pt-pt\/wp-json\/wp\/v2\/users\/1"}],"replies":[{"embeddable":true,"href":"https:\/\/movilex.es\/pt-pt\/wp-json\/wp\/v2\/comments?post=48160"}],"version-history":[{"count":1,"href":"https:\/\/movilex.es\/pt-pt\/wp-json\/wp\/v2\/pages\/48160\/revisions"}],"predecessor-version":[{"id":48161,"href":"https:\/\/movilex.es\/pt-pt\/wp-json\/wp\/v2\/pages\/48160\/revisions\/48161"}],"wp:attachment":[{"href":"https:\/\/movilex.es\/pt-pt\/wp-json\/wp\/v2\/media?parent=48160"}],"curies":[{"name":"wp","href":"https:\/\/api.w.org\/{rel}","templated":true}]}}