{"id":48202,"date":"2026-02-05T15:43:10","date_gmt":"2026-02-05T14:43:10","guid":{"rendered":"https:\/\/movilex.es\/apoios-e-financiamento-publico\/"},"modified":"2026-03-18T12:13:26","modified_gmt":"2026-03-18T11:13:26","slug":"apoios-e-financiamento-publico","status":"publish","type":"page","link":"https:\/\/movilex.es\/pt-pt\/apoios-e-financiamento-publico\/","title":{"rendered":"Apoios e financiamento p\u00fablico"},"content":{"rendered":"\t\t<div data-elementor-type=\"wp-page\" data-elementor-id=\"48202\" class=\"elementor elementor-48202 elementor-47670\">\n\t\t\t\t\t\t<section class=\"elementor-section elementor-top-section elementor-element elementor-element-a18eb1e elementor-section-boxed elementor-section-height-default elementor-section-height-default sc_fly_static\" data-id=\"a18eb1e\" data-element_type=\"section\" data-e-type=\"section\">\n\t\t\t\t\t\t<div class=\"elementor-container elementor-column-gap-extended\">\n\t\t\t\t\t<div class=\"elementor-column elementor-col-100 elementor-top-column elementor-element elementor-element-32e2b06 sc_content_align_inherit sc_layouts_column_icons_position_left sc_fly_static\" data-id=\"32e2b06\" data-element_type=\"column\" data-e-type=\"column\">\n\t\t\t<div class=\"elementor-widget-wrap elementor-element-populated\">\n\t\t\t\t\t\t<div class=\"elementor-element elementor-element-f08fa2b sc_fly_static elementor-widget elementor-widget-accordion\" data-id=\"f08fa2b\" data-element_type=\"widget\" data-e-type=\"widget\" data-widget_type=\"accordion.default\">\n\t\t\t\t<div class=\"elementor-widget-container\">\n\t\t\t\t\t\t\t<div class=\"elementor-accordion\">\n\t\t\t\t\t\t\t<div class=\"elementor-accordion-item\">\n\t\t\t\t\t<div id=\"elementor-tab-title-2521\" class=\"elementor-tab-title\" data-tab=\"1\" role=\"button\" aria-controls=\"elementor-tab-content-2521\" aria-expanded=\"false\">\n\t\t\t\t\t\t\t\t\t\t\t\t\t<span class=\"elementor-accordion-icon elementor-accordion-icon-left\" aria-hidden=\"true\">\n\t\t\t\t\t\t\t\t\t\t\t\t\t\t\t<span class=\"elementor-accordion-icon-closed\"><i class=\"fas fa-plus\"><\/i><\/span>\n\t\t\t\t\t\t\t\t<span class=\"elementor-accordion-icon-opened\"><i class=\"fas fa-minus\"><\/i><\/span>\n\t\t\t\t\t\t\t\t\t\t\t\t\t\t<\/span>\n\t\t\t\t\t\t\t\t\t\t\t\t<a class=\"elementor-accordion-title\" tabindex=\"0\">Junta de Extremadura<\/a>\n\t\t\t\t\t<\/div>\n\t\t\t\t\t<div id=\"elementor-tab-content-2521\" class=\"elementor-tab-content elementor-clearfix\" data-tab=\"1\" role=\"region\" aria-labelledby=\"elementor-tab-title-2521\"><p><a style=\"font-size: 16px; background-color: #f0f0e8;\" href=\"https:\/\/movilex.es\/wp-content\/uploads\/2026\/02\/ayuda-movilex.jpg\" target=\"_blank\" rel=\"noopener\">Programa para a melhoria competitiva da PME estremenha<\/a><\/p>\n<p class=\"p1\"><a style=\"font-size: 16px; background-color: #f0f0e8;\" href=\"https:\/\/movilex.es\/wp-content\/uploads\/2026\/02\/Logo_Subvencion_IT.png\" target=\"_blank\" rel=\"noopener\">Implementa\u00e7\u00e3o de ferramentas tecnol\u00f3gicas avan\u00e7adas<\/a>  <\/p>\n<p class=\"p1\"><a style=\"font-size: 16px; background-color: #f0f0e8;\" href=\"https:\/\/movilex.es\/wp-content\/uploads\/2026\/02\/ayuda-movilex-1.jpg\" target=\"_blank\" rel=\"noopener\">Programa para a melhoria competitiva da PME estremenha<\/a><\/p>\n<p class=\"p1\"><a href=\"https:\/\/movilex.es\/wp-content\/uploads\/2026\/02\/Consoludapyme2025.png\" target=\"_blank\" rel=\"noopener\">Implementa\u00e7\u00e3o do Certificado ISO 45001 e SR 10<\/a><\/p>\n<p class=\"p1\"><a href=\"https:\/\/movilex.es\/wp-content\/uploads\/2026\/02\/ID.png\" target=\"_blank\" rel=\"noopener\">Recupera\u00e7\u00e3o de mat\u00e9rias-primas secund\u00e1rias a partir de fluxos n\u00e3o met\u00e1licos provenientes da tritura\u00e7\u00e3o de res\u00edduos de equipamentos el\u00e9tricos e eletr\u00f3nicos  <\/a><\/p>\n<p class=\"p1\"><a href=\"https:\/\/movilex.es\/wp-content\/uploads\/2026\/02\/Captura-de-pantalla-2026-02-05-a-las-19.09.13.png\" target=\"_blank\" rel=\"noopener\">Investiga\u00e7\u00e3o em t\u00e9cnicas de valoriza\u00e7\u00e3o de poliuretano obtido em f\u00e1brica de reciclagem de frigor\u00edficos INPUREX<\/a><\/p>\n<\/div>\n\t\t\t\t<\/div>\n\t\t\t\t\t\t\t<div class=\"elementor-accordion-item\">\n\t\t\t\t\t<div id=\"elementor-tab-title-2522\" class=\"elementor-tab-title\" data-tab=\"2\" role=\"button\" aria-controls=\"elementor-tab-content-2522\" aria-expanded=\"false\">\n\t\t\t\t\t\t\t\t\t\t\t\t\t<span class=\"elementor-accordion-icon elementor-accordion-icon-left\" aria-hidden=\"true\">\n\t\t\t\t\t\t\t\t\t\t\t\t\t\t\t<span class=\"elementor-accordion-icon-closed\"><i class=\"fas fa-plus\"><\/i><\/span>\n\t\t\t\t\t\t\t\t<span class=\"elementor-accordion-icon-opened\"><i class=\"fas fa-minus\"><\/i><\/span>\n\t\t\t\t\t\t\t\t\t\t\t\t\t\t<\/span>\n\t\t\t\t\t\t\t\t\t\t\t\t<a class=\"elementor-accordion-title\" tabindex=\"0\">Next Generation<\/a>\n\t\t\t\t\t<\/div>\n\t\t\t\t\t<div id=\"elementor-tab-content-2522\" class=\"elementor-tab-content elementor-clearfix\" data-tab=\"2\" role=\"region\" aria-labelledby=\"elementor-tab-title-2522\"><p><a href=\"https:\/\/movilex.es\/wp-content\/uploads\/2026\/02\/FUTURWEE.png\">Novas melhorias no processo de tratamento de equipamentos de frio MRG<\/a><\/p>\n<p><a href=\"https:\/\/movilex.es\/wp-content\/uploads\/2026\/02\/Biodiversidad2025.png\">Instala\u00e7\u00e3o de unidade de valoriza\u00e7\u00e3o de cabos provenientes dos REEE\/ECORIBERA BAIXA<\/a><\/p>\n<p><a href=\"https:\/\/movilex.es\/wp-content\/uploads\/2026\/03\/kit-digital-1.jpg\">Kit digital MRG<\/a><\/p>\n<\/div>\n\t\t\t\t<\/div>\n\t\t\t\t\t\t\t<div class=\"elementor-accordion-item\">\n\t\t\t\t\t<div id=\"elementor-tab-title-2523\" class=\"elementor-tab-title\" data-tab=\"3\" role=\"button\" aria-controls=\"elementor-tab-content-2523\" aria-expanded=\"false\">\n\t\t\t\t\t\t\t\t\t\t\t\t\t<span class=\"elementor-accordion-icon elementor-accordion-icon-left\" aria-hidden=\"true\">\n\t\t\t\t\t\t\t\t\t\t\t\t\t\t\t<span class=\"elementor-accordion-icon-closed\"><i class=\"fas fa-plus\"><\/i><\/span>\n\t\t\t\t\t\t\t\t<span class=\"elementor-accordion-icon-opened\"><i class=\"fas fa-minus\"><\/i><\/span>\n\t\t\t\t\t\t\t\t\t\t\t\t\t\t<\/span>\n\t\t\t\t\t\t\t\t\t\t\t\t<a class=\"elementor-accordion-title\" tabindex=\"0\">Plano de Recupera\u00e7\u00e3o, Transforma\u00e7\u00e3o e Resili\u00eancia<\/a>\n\t\t\t\t\t<\/div>\n\t\t\t\t\t<div id=\"elementor-tab-content-2523\" class=\"elementor-tab-content elementor-clearfix\" data-tab=\"3\" role=\"region\" aria-labelledby=\"elementor-tab-title-2523\"><p><a href=\"https:\/\/movilex.es\/wp-content\/uploads\/2026\/02\/IDAE.png\" target=\"_blank\" rel=\"noopener\">Projeto de amplia\u00e7\u00e3o de instala\u00e7\u00e3o fotovoltaica<\/a><\/p>\n<p><a href=\"https:\/\/movilex.es\/wp-content\/uploads\/2026\/02\/Cartel-publicitario.pdf\">A\u00e7\u00f5es focadas na melhoria e otimiza\u00e7\u00e3o do tratamento de REEE na ECORIBERA BAIXA S.L.<\/a><\/p>\n<\/div>\n\t\t\t\t<\/div>\n\t\t\t\t\t\t\t<div class=\"elementor-accordion-item\">\n\t\t\t\t\t<div id=\"elementor-tab-title-2524\" class=\"elementor-tab-title\" data-tab=\"4\" role=\"button\" aria-controls=\"elementor-tab-content-2524\" aria-expanded=\"false\">\n\t\t\t\t\t\t\t\t\t\t\t\t\t<span class=\"elementor-accordion-icon elementor-accordion-icon-left\" aria-hidden=\"true\">\n\t\t\t\t\t\t\t\t\t\t\t\t\t\t\t<span class=\"elementor-accordion-icon-closed\"><i class=\"fas fa-plus\"><\/i><\/span>\n\t\t\t\t\t\t\t\t<span class=\"elementor-accordion-icon-opened\"><i class=\"fas fa-minus\"><\/i><\/span>\n\t\t\t\t\t\t\t\t\t\t\t\t\t\t<\/span>\n\t\t\t\t\t\t\t\t\t\t\t\t<a class=\"elementor-accordion-title\" tabindex=\"0\">Apoio dos fundos FEDER<\/a>\n\t\t\t\t\t<\/div>\n\t\t\t\t\t<div id=\"elementor-tab-content-2524\" class=\"elementor-tab-content elementor-clearfix\" data-tab=\"4\" role=\"region\" aria-labelledby=\"elementor-tab-title-2524\"><p><a href=\"https:\/\/movilex.es\/wp-content\/uploads\/2026\/02\/images.png\" target=\"_blank\" rel=\"noopener\">FEDER<\/a><\/p>\n<\/div>\n\t\t\t\t<\/div>\n\t\t\t\t\t\t\t\t<\/div>\n\t\t\t\t\t\t<\/div>\n\t\t\t\t<\/div>\n\t\t\t\t\t<\/div>\n\t\t<\/div>\n\t\t\t\t\t<\/div>\n\t\t<\/section>\n\t\t\t\t<\/div>\n\t\t","protected":false},"excerpt":{"rendered":"<p>Junta de Extremadura Programa para a melhoria competitiva da PME estremenha Implementa\u00e7\u00e3o de ferramentas tecnol\u00f3gicas avan\u00e7adas Programa para a melhoria competitiva da PME estremenha Implementa\u00e7\u00e3o do Certificado ISO 45001 e&hellip;<\/p>\n","protected":false},"author":1,"featured_media":0,"parent":0,"menu_order":0,"comment_status":"closed","ping_status":"closed","template":"","meta":{"footnotes":""},"class_list":["post-48202","page","type-page","status-publish","hentry"],"_links":{"self":[{"href":"https:\/\/movilex.es\/pt-pt\/wp-json\/wp\/v2\/pages\/48202","targetHints":{"allow":["GET"]}}],"collection":[{"href":"https:\/\/movilex.es\/pt-pt\/wp-json\/wp\/v2\/pages"}],"about":[{"href":"https:\/\/movilex.es\/pt-pt\/wp-json\/wp\/v2\/types\/page"}],"author":[{"embeddable":true,"href":"https:\/\/movilex.es\/pt-pt\/wp-json\/wp\/v2\/users\/1"}],"replies":[{"embeddable":true,"href":"https:\/\/movilex.es\/pt-pt\/wp-json\/wp\/v2\/comments?post=48202"}],"version-history":[{"count":5,"href":"https:\/\/movilex.es\/pt-pt\/wp-json\/wp\/v2\/pages\/48202\/revisions"}],"predecessor-version":[{"id":48618,"href":"https:\/\/movilex.es\/pt-pt\/wp-json\/wp\/v2\/pages\/48202\/revisions\/48618"}],"wp:attachment":[{"href":"https:\/\/movilex.es\/pt-pt\/wp-json\/wp\/v2\/media?parent=48202"}],"curies":[{"name":"wp","href":"https:\/\/api.w.org\/{rel}","templated":true}]}}