{"id":48370,"date":"2020-08-27T08:23:10","date_gmt":"2020-08-27T06:23:10","guid":{"rendered":"https:\/\/movilex.es\/politica-de-privacidade\/"},"modified":"2026-02-23T08:21:33","modified_gmt":"2026-02-23T07:21:33","slug":"politica-de-privacidade","status":"publish","type":"page","link":"https:\/\/movilex.es\/pt-pt\/politica-de-privacidade\/","title":{"rendered":"Pol\u00edtica de privacidade"},"content":{"rendered":"\t\t<div data-elementor-type=\"wp-page\" data-elementor-id=\"48370\" class=\"elementor elementor-48370 elementor-12954\">\n\t\t\t\t\t\t<section class=\"elementor-section elementor-top-section elementor-element elementor-element-2b1184b0 elementor-section-boxed elementor-section-height-default elementor-section-height-default sc_fly_static\" data-id=\"2b1184b0\" data-element_type=\"section\" data-e-type=\"section\" data-settings=\"{&quot;background_background&quot;:&quot;classic&quot;}\">\n\t\t\t\t\t\t<div class=\"elementor-container elementor-column-gap-extended\">\n\t\t\t\t\t<div class=\"elementor-column elementor-col-100 elementor-top-column elementor-element elementor-element-153e1c19 sc_content_align_inherit sc_layouts_column_icons_position_left sc_fly_static\" data-id=\"153e1c19\" data-element_type=\"column\" data-e-type=\"column\">\n\t\t\t<div class=\"elementor-widget-wrap elementor-element-populated\">\n\t\t\t\t\t\t<div class=\"elementor-element elementor-element-54db29de sc_fly_static elementor-widget elementor-widget-text-editor\" data-id=\"54db29de\" data-element_type=\"widget\" data-e-type=\"widget\" data-widget_type=\"text-editor.default\">\n\t\t\t\t<div class=\"elementor-widget-container\">\n\t\t\t\t\t\t\t\t\t<h4><b>1. Respons\u00e1vel pelo tratamento<\/b><\/h4><p class=\"p2\"><b>MOVILEX RECYCLING GROUP <\/b><b><\/b>(doravante, \u201cMovilex\u201d)<\/p><p class=\"p2\">Endere\u00e7o de correio eletr\u00f3nico de contacto: <i>[adicione aqui o e-mail corporativo]<\/i><i><\/i><\/p><p class=\"p3\">A Movilex compromete-se a proteger a privacidade dos utilizadores que acedem ao seu s\u00edtio Web e a garantir o cumprimento da legisla\u00e7\u00e3o vigente em mat\u00e9ria de prote\u00e7\u00e3o de dados pessoais.<\/p>\t\t\t\t\t\t\t\t<\/div>\n\t\t\t\t<\/div>\n\t\t\t\t\t<\/div>\n\t\t<\/div>\n\t\t\t\t\t<\/div>\n\t\t<\/section>\n\t\t\t\t<section class=\"elementor-section elementor-top-section elementor-element elementor-element-7ef86bc8 elementor-section-boxed elementor-section-height-default elementor-section-height-default sc_fly_static\" data-id=\"7ef86bc8\" data-element_type=\"section\" data-e-type=\"section\">\n\t\t\t\t\t\t<div class=\"elementor-container elementor-column-gap-extended\">\n\t\t\t\t\t<div class=\"elementor-column elementor-col-100 elementor-top-column elementor-element elementor-element-19372eea sc_content_align_inherit sc_layouts_column_icons_position_left sc_fly_static\" data-id=\"19372eea\" data-element_type=\"column\" data-e-type=\"column\">\n\t\t\t<div class=\"elementor-widget-wrap elementor-element-populated\">\n\t\t\t\t\t\t<div class=\"elementor-element elementor-element-690b98ed sc_fly_static elementor-widget elementor-widget-spacer\" data-id=\"690b98ed\" data-element_type=\"widget\" data-e-type=\"widget\" data-widget_type=\"spacer.default\">\n\t\t\t\t<div class=\"elementor-widget-container\">\n\t\t\t\t\t\t\t<div class=\"elementor-spacer\">\n\t\t\t<div class=\"elementor-spacer-inner\"><\/div>\n\t\t<\/div>\n\t\t\t\t\t\t<\/div>\n\t\t\t\t<\/div>\n\t\t\t\t\t<\/div>\n\t\t<\/div>\n\t\t\t\t\t<\/div>\n\t\t<\/section>\n\t\t\t\t<section class=\"elementor-section elementor-top-section elementor-element elementor-element-a2ec18c elementor-section-boxed elementor-section-height-default elementor-section-height-default sc_fly_static\" data-id=\"a2ec18c\" data-element_type=\"section\" data-e-type=\"section\" data-settings=\"{&quot;background_background&quot;:&quot;classic&quot;}\">\n\t\t\t\t\t\t<div class=\"elementor-container elementor-column-gap-extended\">\n\t\t\t\t\t<div class=\"elementor-column elementor-col-100 elementor-top-column elementor-element elementor-element-e4f67bc sc_content_align_inherit sc_layouts_column_icons_position_left sc_fly_static\" data-id=\"e4f67bc\" data-element_type=\"column\" data-e-type=\"column\">\n\t\t\t<div class=\"elementor-widget-wrap elementor-element-populated\">\n\t\t\t\t\t\t<div class=\"elementor-element elementor-element-fc87c00 sc_fly_static elementor-widget elementor-widget-text-editor\" data-id=\"fc87c00\" data-element_type=\"widget\" data-e-type=\"widget\" data-widget_type=\"text-editor.default\">\n\t\t\t\t<div class=\"elementor-widget-container\">\n\t\t\t\t\t\t\t\t\t<h4><b>2. Dados pessoais que recolhemos<\/b><\/h4><p class=\"p2\">Atrav\u00e9s deste s\u00edtio Web, podemos recolher os seguintes dados:<\/p><ul><li><p class=\"p1\">Dados de identifica\u00e7\u00e3o (nome, apelidos)<\/p><\/li><li><p class=\"p1\">Dados de contacto (correio eletr\u00f3nico, telefone)<\/p><\/li><li><p class=\"p1\">Informa\u00e7\u00e3o fornecida atrav\u00e9s de formul\u00e1rios<\/p><\/li><li><p class=\"p1\">Dados t\u00e9cnicos de navega\u00e7\u00e3o (IP, navegador, dispositivo)<\/p><\/li><\/ul><h4><b>3. Finalidade do tratamento<\/b><\/h4><p class=\"p2\">Os dados pessoais s\u00e3o tratados com as seguintes finalidades:<\/p><ul><li><p class=\"p1\">Atender consultas ou pedidos de informa\u00e7\u00e3o<\/p><\/li><li><p class=\"p1\">Gerir comunica\u00e7\u00f5es profissionais<\/p><\/li><li><p class=\"p1\">Melhorar a experi\u00eancia de navega\u00e7\u00e3o do utilizador<\/p><\/li><li><p class=\"p1\">Analisar a utiliza\u00e7\u00e3o do s\u00edtio Web para fins estat\u00edsticos<\/p><\/li><li><p class=\"p1\">Garantir a seguran\u00e7a do s\u00edtio Web<\/p><\/li><\/ul><p class=\"p4\"><span class=\"s2\">A Movilex<\/span> <b>n\u00e3o utiliza os dados para fins comerciais agressivos nem os cede para campanhas publicit\u00e1rias de terceiros<\/b><span class=\"s2\">.<\/span><\/p>\t\t\t\t\t\t\t\t<\/div>\n\t\t\t\t<\/div>\n\t\t\t\t\t<\/div>\n\t\t<\/div>\n\t\t\t\t\t<\/div>\n\t\t<\/section>\n\t\t\t\t<section class=\"elementor-section elementor-top-section elementor-element elementor-element-1ce0fbce elementor-section-boxed elementor-section-height-default elementor-section-height-default sc_fly_static\" data-id=\"1ce0fbce\" data-element_type=\"section\" data-e-type=\"section\">\n\t\t\t\t\t\t<div class=\"elementor-container elementor-column-gap-extended\">\n\t\t\t\t\t<div class=\"elementor-column elementor-col-100 elementor-top-column elementor-element elementor-element-71737124 sc_content_align_inherit sc_layouts_column_icons_position_left sc_fly_static\" data-id=\"71737124\" data-element_type=\"column\" data-e-type=\"column\">\n\t\t\t<div class=\"elementor-widget-wrap elementor-element-populated\">\n\t\t\t\t\t\t<div class=\"elementor-element elementor-element-653057c1 sc_fly_static elementor-widget elementor-widget-spacer\" data-id=\"653057c1\" data-element_type=\"widget\" data-e-type=\"widget\" data-widget_type=\"spacer.default\">\n\t\t\t\t<div class=\"elementor-widget-container\">\n\t\t\t\t\t\t\t<div class=\"elementor-spacer\">\n\t\t\t<div class=\"elementor-spacer-inner\"><\/div>\n\t\t<\/div>\n\t\t\t\t\t\t<\/div>\n\t\t\t\t<\/div>\n\t\t\t\t\t<\/div>\n\t\t<\/div>\n\t\t\t\t\t<\/div>\n\t\t<\/section>\n\t\t\t\t<section class=\"elementor-section elementor-top-section elementor-element elementor-element-7321157f elementor-section-boxed elementor-section-height-default elementor-section-height-default sc_fly_static\" data-id=\"7321157f\" data-element_type=\"section\" data-e-type=\"section\" data-settings=\"{&quot;background_background&quot;:&quot;classic&quot;}\">\n\t\t\t\t\t\t<div class=\"elementor-container elementor-column-gap-extended\">\n\t\t\t\t\t<div class=\"elementor-column elementor-col-100 elementor-top-column elementor-element elementor-element-770fd656 sc_content_align_inherit sc_layouts_column_icons_position_left sc_fly_static\" data-id=\"770fd656\" data-element_type=\"column\" data-e-type=\"column\">\n\t\t\t<div class=\"elementor-widget-wrap elementor-element-populated\">\n\t\t\t\t\t\t<div class=\"elementor-element elementor-element-20d12e1e sc_fly_static elementor-widget elementor-widget-text-editor\" data-id=\"20d12e1e\" data-element_type=\"widget\" data-e-type=\"widget\" data-widget_type=\"text-editor.default\">\n\t\t\t\t<div class=\"elementor-widget-container\">\n\t\t\t\t\t\t\t\t\t<h4><b>4. Base legal do tratamento<\/b><\/h4><p class=\"p2\">A base legal para o tratamento dos dados \u00e9:<\/p><ul><li><p class=\"p1\">O consentimento do utilizador<\/p><\/li><li><p class=\"p1\">O interesse leg\u00edtimo da Movilex na gest\u00e3o da sua atividade<\/p><\/li><li><p class=\"p1\">O cumprimento de obriga\u00e7\u00f5es legais<\/p><\/li><\/ul><h4><b>5. Conserva\u00e7\u00e3o dos dados<\/b><\/h4><p class=\"p2\">Os dados pessoais ser\u00e3o conservados apenas durante o tempo necess\u00e1rio para cumprir a finalidade para a qual foram recolhidos ou enquanto existir uma rela\u00e7\u00e3o profissional e, posteriormente, durante os prazos legalmente exigidos.<\/p><h4><b>6. Cess\u00e3o de dados a terceiros<\/b><\/h4><p class=\"p2\">A Movilex n\u00e3o cede dados pessoais a terceiros, salvo obriga\u00e7\u00e3o legal ou quando seja estritamente necess\u00e1rio para a presta\u00e7\u00e3o de um servi\u00e7o, como:<\/p><ul><li><p class=\"p1\">Fornecedores de alojamento Web<\/p><\/li><li><p class=\"p1\">Servi\u00e7os de an\u00e1lise Web (Google Analytics)<\/p><\/li><\/ul><p class=\"p2\">Todos os fornecedores cumprem a legisla\u00e7\u00e3o europeia de prote\u00e7\u00e3o de dados.<\/p>\t\t\t\t\t\t\t\t<\/div>\n\t\t\t\t<\/div>\n\t\t\t\t\t<\/div>\n\t\t<\/div>\n\t\t\t\t\t<\/div>\n\t\t<\/section>\n\t\t\t\t<section class=\"elementor-section elementor-top-section elementor-element elementor-element-6d09f250 elementor-section-boxed elementor-section-height-default elementor-section-height-default sc_fly_static\" data-id=\"6d09f250\" data-element_type=\"section\" data-e-type=\"section\">\n\t\t\t\t\t\t<div class=\"elementor-container elementor-column-gap-extended\">\n\t\t\t\t\t<div class=\"elementor-column elementor-col-100 elementor-top-column elementor-element elementor-element-936cd29 sc_content_align_inherit sc_layouts_column_icons_position_left sc_fly_static\" data-id=\"936cd29\" data-element_type=\"column\" data-e-type=\"column\">\n\t\t\t<div class=\"elementor-widget-wrap elementor-element-populated\">\n\t\t\t\t\t\t<div class=\"elementor-element elementor-element-1a296be8 sc_fly_static elementor-widget elementor-widget-spacer\" data-id=\"1a296be8\" data-element_type=\"widget\" data-e-type=\"widget\" data-widget_type=\"spacer.default\">\n\t\t\t\t<div class=\"elementor-widget-container\">\n\t\t\t\t\t\t\t<div class=\"elementor-spacer\">\n\t\t\t<div class=\"elementor-spacer-inner\"><\/div>\n\t\t<\/div>\n\t\t\t\t\t\t<\/div>\n\t\t\t\t<\/div>\n\t\t\t\t\t<\/div>\n\t\t<\/div>\n\t\t\t\t\t<\/div>\n\t\t<\/section>\n\t\t\t\t<section class=\"elementor-section elementor-top-section elementor-element elementor-element-38a0313b elementor-section-boxed elementor-section-height-default elementor-section-height-default sc_fly_static\" data-id=\"38a0313b\" data-element_type=\"section\" data-e-type=\"section\" data-settings=\"{&quot;background_background&quot;:&quot;classic&quot;}\">\n\t\t\t\t\t\t<div class=\"elementor-container elementor-column-gap-extended\">\n\t\t\t\t\t<div class=\"elementor-column elementor-col-100 elementor-top-column elementor-element elementor-element-52476443 sc_content_align_inherit sc_layouts_column_icons_position_left sc_fly_static\" data-id=\"52476443\" data-element_type=\"column\" data-e-type=\"column\">\n\t\t\t<div class=\"elementor-widget-wrap elementor-element-populated\">\n\t\t\t\t\t\t<div class=\"elementor-element elementor-element-6351d37f sc_fly_static elementor-widget elementor-widget-text-editor\" data-id=\"6351d37f\" data-element_type=\"widget\" data-e-type=\"widget\" data-widget_type=\"text-editor.default\">\n\t\t\t\t<div class=\"elementor-widget-container\">\n\t\t\t\t\t\t\t\t\t<h4><b>7. Direitos do utilizador<\/b><\/h4><p class=\"p2\">O utilizador pode exercer, em qualquer momento, os seguintes direitos:<\/p><ul><li><p class=\"p1\">Acesso aos seus dados pessoais<\/p><\/li><li><p class=\"p1\">Retifica\u00e7\u00e3o de dados inexatos<\/p><\/li><li><p class=\"p1\">Supress\u00e3o dos dados<\/p><\/li><li><p class=\"p1\">Limita\u00e7\u00e3o do tratamento<\/p><\/li><li><p class=\"p1\">Oposi\u00e7\u00e3o ao tratamento<\/p><\/li><li><p class=\"p1\">Portabilidade dos dados<\/p><\/li><\/ul><p class=\"p2\">Para exercer estes direitos, pode contactar a Movilex atrav\u00e9s do endere\u00e7o de correio eletr\u00f3nico indicado anteriormente.<\/p><h4><b>8. Medidas de seguran\u00e7a<\/b><\/h4><p class=\"p2\">A Movilex adota as medidas t\u00e9cnicas e organizativas necess\u00e1rias para garantir a seguran\u00e7a e integridade dos dados pessoais e evitar a sua perda, altera\u00e7\u00e3o ou acesso n\u00e3o autorizado.<\/p><h4><b>9. Cookies<\/b><\/h4><p class=\"p2\">Este s\u00edtio Web utiliza cookies t\u00e9cnicas e de an\u00e1lise. Para mais informa\u00e7\u00f5es, consulte a <span class=\"s2\"><b>Pol\u00edtica de Cookies<\/b><\/span>. <\/p>\t\t\t\t\t\t\t\t<\/div>\n\t\t\t\t<\/div>\n\t\t\t\t\t<\/div>\n\t\t<\/div>\n\t\t\t\t\t<\/div>\n\t\t<\/section>\n\t\t\t\t<section class=\"elementor-section elementor-top-section elementor-element elementor-element-62204097 elementor-section-boxed elementor-section-height-default elementor-section-height-default sc_fly_static\" data-id=\"62204097\" data-element_type=\"section\" data-e-type=\"section\">\n\t\t\t\t\t\t<div class=\"elementor-container elementor-column-gap-extended\">\n\t\t\t\t\t<div class=\"elementor-column elementor-col-100 elementor-top-column elementor-element elementor-element-2a4d759c sc_content_align_inherit sc_layouts_column_icons_position_left sc_fly_static\" data-id=\"2a4d759c\" data-element_type=\"column\" data-e-type=\"column\">\n\t\t\t<div class=\"elementor-widget-wrap elementor-element-populated\">\n\t\t\t\t\t\t<div class=\"elementor-element elementor-element-3ee1a1c6 sc_fly_static elementor-widget elementor-widget-spacer\" data-id=\"3ee1a1c6\" data-element_type=\"widget\" data-e-type=\"widget\" data-widget_type=\"spacer.default\">\n\t\t\t\t<div class=\"elementor-widget-container\">\n\t\t\t\t\t\t\t<div class=\"elementor-spacer\">\n\t\t\t<div class=\"elementor-spacer-inner\"><\/div>\n\t\t<\/div>\n\t\t\t\t\t\t<\/div>\n\t\t\t\t<\/div>\n\t\t\t\t\t<\/div>\n\t\t<\/div>\n\t\t\t\t\t<\/div>\n\t\t<\/section>\n\t\t\t\t<section class=\"elementor-section elementor-top-section elementor-element elementor-element-75f77bac elementor-section-boxed elementor-section-height-default elementor-section-height-default sc_fly_static\" data-id=\"75f77bac\" data-element_type=\"section\" data-e-type=\"section\" data-settings=\"{&quot;background_background&quot;:&quot;classic&quot;}\">\n\t\t\t\t\t\t<div class=\"elementor-container elementor-column-gap-extended\">\n\t\t\t\t\t<div class=\"elementor-column elementor-col-100 elementor-top-column elementor-element elementor-element-6df00861 sc_content_align_inherit sc_layouts_column_icons_position_left sc_fly_static\" data-id=\"6df00861\" data-element_type=\"column\" data-e-type=\"column\">\n\t\t\t<div class=\"elementor-widget-wrap elementor-element-populated\">\n\t\t\t\t\t\t<div class=\"elementor-element elementor-element-682fffa sc_fly_static elementor-widget elementor-widget-text-editor\" data-id=\"682fffa\" data-element_type=\"widget\" data-e-type=\"widget\" data-widget_type=\"text-editor.default\">\n\t\t\t\t<div class=\"elementor-widget-container\">\n\t\t\t\t\t\t\t\t\t<h4><b>10. Altera\u00e7\u00f5es \u00e0 pol\u00edtica de privacidade<\/b><\/h4><p class=\"p2\">A Movilex reserva-se o direito de modificar a presente pol\u00edtica para a adaptar a novidades legislativas ou altera\u00e7\u00f5es na sua atividade. A vers\u00e3o vigente estar\u00e1 sempre dispon\u00edvel no s\u00edtio Web. <\/p>\t\t\t\t\t\t\t\t<\/div>\n\t\t\t\t<\/div>\n\t\t\t\t\t<\/div>\n\t\t<\/div>\n\t\t\t\t\t<\/div>\n\t\t<\/section>\n\t\t\t\t<section class=\"elementor-section elementor-top-section elementor-element elementor-element-594f5e15 elementor-section-boxed elementor-section-height-default elementor-section-height-default sc_fly_static\" data-id=\"594f5e15\" data-element_type=\"section\" data-e-type=\"section\">\n\t\t\t\t\t\t<div class=\"elementor-container elementor-column-gap-extended\">\n\t\t\t\t\t<div class=\"elementor-column elementor-col-100 elementor-top-column elementor-element elementor-element-5d4b9154 sc_content_align_inherit sc_layouts_column_icons_position_left sc_fly_static\" data-id=\"5d4b9154\" data-element_type=\"column\" data-e-type=\"column\">\n\t\t\t<div class=\"elementor-widget-wrap elementor-element-populated\">\n\t\t\t\t\t\t<div class=\"elementor-element elementor-element-79ec6774 sc_fly_static elementor-widget elementor-widget-spacer\" data-id=\"79ec6774\" data-element_type=\"widget\" data-e-type=\"widget\" data-widget_type=\"spacer.default\">\n\t\t\t\t<div class=\"elementor-widget-container\">\n\t\t\t\t\t\t\t<div class=\"elementor-spacer\">\n\t\t\t<div class=\"elementor-spacer-inner\"><\/div>\n\t\t<\/div>\n\t\t\t\t\t\t<\/div>\n\t\t\t\t<\/div>\n\t\t\t\t\t<\/div>\n\t\t<\/div>\n\t\t\t\t\t<\/div>\n\t\t<\/section>\n\t\t\t\t<\/div>\n\t\t","protected":false},"excerpt":{"rendered":"<p>1. Respons\u00e1vel pelo tratamento MOVILEX RECYCLING GROUP (doravante, \u201cMovilex\u201d) Endere\u00e7o de correio eletr\u00f3nico de contacto: [adicione aqui o e-mail corporativo] A Movilex compromete-se a proteger a privacidade dos utilizadores que&hellip;<\/p>\n","protected":false},"author":1,"featured_media":0,"parent":0,"menu_order":0,"comment_status":"closed","ping_status":"closed","template":"","meta":{"footnotes":""},"class_list":["post-48370","page","type-page","status-publish","hentry"],"_links":{"self":[{"href":"https:\/\/movilex.es\/pt-pt\/wp-json\/wp\/v2\/pages\/48370","targetHints":{"allow":["GET"]}}],"collection":[{"href":"https:\/\/movilex.es\/pt-pt\/wp-json\/wp\/v2\/pages"}],"about":[{"href":"https:\/\/movilex.es\/pt-pt\/wp-json\/wp\/v2\/types\/page"}],"author":[{"embeddable":true,"href":"https:\/\/movilex.es\/pt-pt\/wp-json\/wp\/v2\/users\/1"}],"replies":[{"embeddable":true,"href":"https:\/\/movilex.es\/pt-pt\/wp-json\/wp\/v2\/comments?post=48370"}],"version-history":[{"count":1,"href":"https:\/\/movilex.es\/pt-pt\/wp-json\/wp\/v2\/pages\/48370\/revisions"}],"predecessor-version":[{"id":48371,"href":"https:\/\/movilex.es\/pt-pt\/wp-json\/wp\/v2\/pages\/48370\/revisions\/48371"}],"wp:attachment":[{"href":"https:\/\/movilex.es\/pt-pt\/wp-json\/wp\/v2\/media?parent=48370"}],"curies":[{"name":"wp","href":"https:\/\/api.w.org\/{rel}","templated":true}]}}