{"id":48581,"date":"2026-03-15T09:30:43","date_gmt":"2026-03-15T08:30:43","guid":{"rendered":"https:\/\/movilex.es\/transparencia\/"},"modified":"2026-03-15T09:42:15","modified_gmt":"2026-03-15T08:42:15","slug":"transparencia","status":"publish","type":"page","link":"https:\/\/movilex.es\/pt-pt\/transparencia\/","title":{"rendered":"Transpar\u00eancia"},"content":{"rendered":"\n<p>Transpar\u00eancia Movilex: em cumprimento dos nossos compromissos de responsabilidade social, colocamos \u00e0 disposi\u00e7\u00e3o de todas as partes interessadas os seguintes documentos corporativos.<\/p>\n\n<h5 class=\"wp-block-heading\">Documentos de Transpar\u00eancia Movilex<\/h5>\n\n<p><a href=\"https:\/\/movilex.es\/wp-content\/uploads\/2026\/03\/20250801POLITICA_INTEGRADA_GESTION-1.pdf\">Pol\u00edtica de Qualidade, Ambiente, Seguran\u00e7a e Responsabilidade Social<\/a><\/p>\n\n<p><a href=\"https:\/\/movilex.es\/wp-content\/uploads\/2026\/03\/Memoria-Abreviada-RS_2025.pdf\">Relat\u00f3rio de RS abreviado<\/a><\/p>\n\n<p><a href=\"https:\/\/movilex.es\/wp-content\/uploads\/2026\/03\/POLITICA-DE-COMPRAS-Y-PROVEEDORES.pdf\">Pol\u00edtica de Compras e Fornecedores<\/a><\/p>\n\n<p><a href=\"https:\/\/movilex.es\/wp-content\/uploads\/2026\/03\/04_Codigo-de-Conducta-Movilex.pdf\">C\u00f3digo de Conduta<\/a><\/p>\n\n<p><\/p>\n","protected":false},"excerpt":{"rendered":"<p>Transpar\u00eancia Movilex: em cumprimento dos nossos compromissos de responsabilidade social, colocamos \u00e0 disposi\u00e7\u00e3o de todas as partes interessadas os seguintes documentos corporativos. Documentos de Transpar\u00eancia Movilex Pol\u00edtica de Qualidade, Ambiente,&hellip;<\/p>\n","protected":false},"author":1,"featured_media":0,"parent":0,"menu_order":0,"comment_status":"closed","ping_status":"closed","template":"","meta":{"footnotes":""},"class_list":["post-48581","page","type-page","status-publish","hentry"],"_links":{"self":[{"href":"https:\/\/movilex.es\/pt-pt\/wp-json\/wp\/v2\/pages\/48581","targetHints":{"allow":["GET"]}}],"collection":[{"href":"https:\/\/movilex.es\/pt-pt\/wp-json\/wp\/v2\/pages"}],"about":[{"href":"https:\/\/movilex.es\/pt-pt\/wp-json\/wp\/v2\/types\/page"}],"author":[{"embeddable":true,"href":"https:\/\/movilex.es\/pt-pt\/wp-json\/wp\/v2\/users\/1"}],"replies":[{"embeddable":true,"href":"https:\/\/movilex.es\/pt-pt\/wp-json\/wp\/v2\/comments?post=48581"}],"version-history":[{"count":1,"href":"https:\/\/movilex.es\/pt-pt\/wp-json\/wp\/v2\/pages\/48581\/revisions"}],"predecessor-version":[{"id":48582,"href":"https:\/\/movilex.es\/pt-pt\/wp-json\/wp\/v2\/pages\/48581\/revisions\/48582"}],"wp:attachment":[{"href":"https:\/\/movilex.es\/pt-pt\/wp-json\/wp\/v2\/media?parent=48581"}],"curies":[{"name":"wp","href":"https:\/\/api.w.org\/{rel}","templated":true}]}}