{"id":48700,"date":"2026-05-05T15:01:22","date_gmt":"2026-05-05T13:01:22","guid":{"rendered":"https:\/\/movilex.es\/artigos\/"},"modified":"2026-05-05T15:33:02","modified_gmt":"2026-05-05T13:33:02","slug":"artigos","status":"publish","type":"page","link":"https:\/\/movilex.es\/pt-pt\/artigos\/","title":{"rendered":"Artigos"},"content":{"rendered":"\t\t<div data-elementor-type=\"wp-page\" data-elementor-id=\"48700\" class=\"elementor elementor-48700 elementor-48666\">\n\t\t\t\t\t\t<section class=\"elementor-section elementor-top-section elementor-element elementor-element-622de33 elementor-section-boxed elementor-section-height-default elementor-section-height-default sc_fly_static\" data-id=\"622de33\" data-element_type=\"section\" data-e-type=\"section\">\n\t\t\t\t\t\t<div class=\"elementor-container elementor-column-gap-extended\">\n\t\t\t\t\t<div class=\"elementor-column elementor-col-100 elementor-top-column elementor-element elementor-element-5c5cf89 sc_content_align_inherit sc_layouts_column_icons_position_left sc_fly_static\" data-id=\"5c5cf89\" data-element_type=\"column\" data-e-type=\"column\">\n\t\t\t<div class=\"elementor-widget-wrap elementor-element-populated\">\n\t\t\t\t\t\t<div class=\"elementor-element elementor-element-c8a0f0f sc_style_default sc_fly_static elementor-widget elementor-widget-trx_sc_blogger\" data-id=\"c8a0f0f\" data-element_type=\"widget\" data-e-type=\"widget\" data-widget_type=\"trx_sc_blogger.default\">\n\t\t\t\t<div class=\"elementor-widget-container\">\n\t\t\t\t\t<div \t\tclass=\"sc_blogger sc_blogger_default sc_blogger_default_classic sc_item_filters_tabs_none alignnone\" ><div class=\"sc_blogger_content sc_item_content sc_item_posts_container\" ><div data-post-id=\"48698\" data-item-number=\"1\" class=\"sc_blogger_item sc_item_container post_container sc_blogger_item_default sc_blogger_item_default_classic sc_blogger_item_odd sc_blogger_item_align_none post_format_standard sc_blogger_item_with_image sc_blogger_item_with_excerpt sc_blogger_item_image_position_top post-48698 post type-post status-publish format-standard has-post-thumbnail hentry category-artigos\" ><div class=\"sc_blogger_item_body\"><div class=\"post_featured with_thumb hover_link sc_item_featured sc_blogger_item_featured\"><img fetchpriority=\"high\" decoding=\"async\" width=\"1200\" height=\"725\" src=\"https:\/\/movilex.es\/wp-content\/uploads\/2026\/05\/nave-1200x725.jpg\" class=\"attachment-hall-thumb-huge size-hall-thumb-huge wp-post-image\" alt=\"Movilex Burgos, nave de gesti\u00f3n RAEE\" \/>\t\t\t\t\t\t<div class=\"mask\"><\/div>\n\t\t\t\t\t\t\t\t\t<a href=\"https:\/\/movilex.es\/pt-pt\/os-cinco-pilares-que-sustentam-o-modelo-movilex\/\"  aria-hidden=\"true\" class=\"link\"><\/a>\n\t\t\t<\/div><div class=\"sc_blogger_item_content entry-content\"><div class=\"post_meta sc_blogger_item_meta post_meta_categories\"><span class=\"post_meta_item post_categories cat_sep\"><a href=\"https:\/\/movilex.es\/pt-pt\/category\/artigos\/\" rel=\"category tag\">Artigos<\/a><\/span><\/div><h5 class=\"sc_blogger_item_title entry-title\" data-item-number=\"1\"><a href=\"https:\/\/movilex.es\/pt-pt\/os-cinco-pilares-que-sustentam-o-modelo-movilex\/\" rel=\"bookmark\">Os cinco pilares que sustentam o modelo Movilex<\/a><\/h5><div class=\"sc_blogger_item_excerpt\">Num contexto em que a correta gest\u00e3o de res\u00edduos REEE (Res\u00edduos de Equipamentos El\u00e9tricos e Eletr\u00f3nicos) \u00e9 cada vez mais relevante para a economia e o ambiente, a Movilex, empresa&hellip;<\/div><div class=\"sc_blogger_item_button sc_item_button\"><a href=\"https:\/\/movilex.es\/pt-pt\/os-cinco-pilares-que-sustentam-o-modelo-movilex\/\" class=\"item_more_link\"><span class=\"link_text\">Ler mais<\/span><span class=\"link_icon\"><\/span><\/a><\/div><\/div><!-- .entry-content --><\/div><!-- .sc_blogger_item_body --><\/div><!-- .sc_blogger_item --><\/div><\/div>\t\t\t\t<\/div>\n\t\t\t\t<\/div>\n\t\t\t\t\t<\/div>\n\t\t<\/div>\n\t\t\t\t\t<\/div>\n\t\t<\/section>\n\t\t\t\t<\/div>\n\t\t","protected":false},"excerpt":{"rendered":"<p>Art\u00edculos Los cinco pilares que sostienen el modelo Movilex En un contexto en el que la correcta gesti\u00f3n de residuos RAEE (Residuos de Aparatos El\u00e9ctricos y Electr\u00f3nicos) es cada vez&hellip;<\/p>\n","protected":false},"author":1,"featured_media":0,"parent":0,"menu_order":0,"comment_status":"closed","ping_status":"closed","template":"","meta":{"footnotes":""},"class_list":["post-48700","page","type-page","status-publish","hentry"],"_links":{"self":[{"href":"https:\/\/movilex.es\/pt-pt\/wp-json\/wp\/v2\/pages\/48700","targetHints":{"allow":["GET"]}}],"collection":[{"href":"https:\/\/movilex.es\/pt-pt\/wp-json\/wp\/v2\/pages"}],"about":[{"href":"https:\/\/movilex.es\/pt-pt\/wp-json\/wp\/v2\/types\/page"}],"author":[{"embeddable":true,"href":"https:\/\/movilex.es\/pt-pt\/wp-json\/wp\/v2\/users\/1"}],"replies":[{"embeddable":true,"href":"https:\/\/movilex.es\/pt-pt\/wp-json\/wp\/v2\/comments?post=48700"}],"version-history":[{"count":1,"href":"https:\/\/movilex.es\/pt-pt\/wp-json\/wp\/v2\/pages\/48700\/revisions"}],"predecessor-version":[{"id":48701,"href":"https:\/\/movilex.es\/pt-pt\/wp-json\/wp\/v2\/pages\/48700\/revisions\/48701"}],"wp:attachment":[{"href":"https:\/\/movilex.es\/pt-pt\/wp-json\/wp\/v2\/media?parent=48700"}],"curies":[{"name":"wp","href":"https:\/\/api.w.org\/{rel}","templated":true}]}}